{"id":61,"date":"2020-01-23T18:21:52","date_gmt":"2020-01-23T18:21:52","guid":{"rendered":"https:\/\/demosites.io\/web-agency-gb\/?page_id=61"},"modified":"2024-01-24T22:40:08","modified_gmt":"2024-01-24T21:40:08","slug":"a-propos","status":"publish","type":"page","link":"https:\/\/dydyer-perruques.fr\/index.php\/a-propos\/","title":{"rendered":"A propos"},"content":{"rendered":"\n<div class=\"wp-block-cover alignfull\" style=\"min-height:184px\"><span aria-hidden=\"true\" class=\"wp-block-cover__background has-nv-site-bg-background-color has-background-dim-100 has-background-dim\"><\/span><div class=\"wp-block-cover__inner-container is-layout-flow wp-block-cover-is-layout-flow\">\n<div class=\"wp-block-group is-layout-flow wp-block-group-is-layout-flow\"><div class=\"wp-block-group__inner-container\">\n<h1 class=\"wp-block-heading has-text-align-left has-neve-text-color-color has-text-color\">Qui sommes-nous ?<\/h1>\n<\/div><\/div>\n<\/div><\/div>\n\n\n\n<div class=\"wp-block-cover alignfull\" style=\"min-height:1091px\"><span aria-hidden=\"true\" class=\"wp-block-cover__background has-nv-light-bg-background-color has-background-dim-100 has-background-dim\"><\/span><div class=\"wp-block-cover__inner-container is-layout-flow wp-block-cover-is-layout-flow\">\n<div class=\"wp-block-group is-layout-flow wp-block-group-is-layout-flow\"><div class=\"wp-block-group__inner-container\">\n<div style=\"height:80px\" aria-hidden=\"true\" class=\"wp-block-spacer\"><\/div>\n\n\n\n<div class=\"wp-block-columns are-vertically-aligned-center has-neve-text-color-color has-text-color is-layout-flex wp-container-core-columns-layout-1 wp-block-columns-is-layout-flex\">\n<div class=\"wp-block-column is-vertically-aligned-center is-layout-flow wp-block-column-is-layout-flow\" style=\"flex-basis:50%\">\n<figure class=\"wp-block-image size-large\"><img loading=\"lazy\" decoding=\"async\" width=\"1024\" height=\"1010\" src=\"http:\/\/dydyer-perruques.fr\/wp-content\/uploads\/2024\/01\/yona-209-candice-688R-perruque-medicale-chimio-o-my-hair-1024x1010.jpg\" alt=\"\" class=\"wp-image-455\" srcset=\"https:\/\/dydyer-perruques.fr\/wp-content\/uploads\/2024\/01\/yona-209-candice-688R-perruque-medicale-chimio-o-my-hair-1024x1010.jpg 1024w, https:\/\/dydyer-perruques.fr\/wp-content\/uploads\/2024\/01\/yona-209-candice-688R-perruque-medicale-chimio-o-my-hair-300x296.jpg 300w, https:\/\/dydyer-perruques.fr\/wp-content\/uploads\/2024\/01\/yona-209-candice-688R-perruque-medicale-chimio-o-my-hair-768x757.jpg 768w, https:\/\/dydyer-perruques.fr\/wp-content\/uploads\/2024\/01\/yona-209-candice-688R-perruque-medicale-chimio-o-my-hair.jpg 1150w\" sizes=\"(max-width: 1024px) 100vw, 1024px\" \/><\/figure>\n<\/div>\n\n\n\n<div class=\"wp-block-column is-vertically-aligned-center is-layout-flow wp-block-column-is-layout-flow\" style=\"flex-basis:50%\">\n<h2 class=\"wp-block-heading has-text-align-center has-neve-text-color-color has-text-color\">Notre histoire<\/h2>\n\n\n\n<p>Passionn\u00e9 par l&#8217;art de sublimer les cheveux, mon parcours a d\u00e9but\u00e9 il y a plus de trois d\u00e9cennies dans un salon de quartier. Mais c&#8217;est au fil des rencontres et des histoires partag\u00e9es que ma v\u00e9ritable mission a pris forme. Il y a quelques ann\u00e9es, alors que je coiffais une cliente, elle m&#8217;a confi\u00e9 les obstacles qu&#8217;elle affrontait avec la perte de ses cheveux.<\/p>\n\n\n\n<p>Cette conversation a r\u00e9sonn\u00e9 en moi. J&#8217;ai r\u00e9alis\u00e9 \u00e0 quel point une simple coupe, une couleur bien choisie ou une m\u00e8che parfaitement plac\u00e9e pouvait changer la perception de soi. C&#8217;est ainsi qu&#8217;est n\u00e9e ma volont\u00e9 d&#8217;aider ceux qui traversent ces \u00e9preuves \u00e0 retrouver leur confiance en offrant mes services \u00e0 domicile.<\/p>\n\n\n\n<p>J&#8217;ai d\u00e9cid\u00e9 de me consacrer pleinement \u00e0 cette cause il y a cinq ans. Au fil du temps, j&#8217;ai d\u00e9velopp\u00e9 une sp\u00e9cialisation dans les techniques adapt\u00e9es aux personnes souffrant de perte de cheveux. Je me suis form\u00e9 aux nuances d\u00e9licates des couleurs, aux jeux de lumi\u00e8res subtils des m\u00e8ches, et aux nuances r\u00e9confortantes des balayages.<\/p>\n\n\n\n<p>Ma mission va au-del\u00e0 de la coiffure. C&#8217;est une histoire d&#8217;\u00e9coute, de soutien et de conseils. En intervenant \u00e0 domicile, en maison de retraite, en entreprise ou dans des collectivit\u00e9s, je veux offrir plus qu&#8217;un simple service de coiffure.<\/p>\n<\/div>\n<\/div>\n<\/div><\/div>\n\n\n\n<div class=\"wp-block-buttons alignwide is-content-justification-center is-layout-flex wp-container-core-buttons-layout-1 wp-block-buttons-is-layout-flex\">\n<div class=\"wp-block-button is-style-primary\"><a class=\"wp-block-button__link wp-element-button\" href=\"https:\/\/dydyer-perruques.fr\/index.php\/implants-capillaires\/\">VOIR LES COMPLEMENTS CAPILLAIRES<\/a><\/div>\n\n\n\n<div class=\"wp-block-button is-style-primary\"><a class=\"wp-block-button__link wp-element-button\" href=\"https:\/\/dydyer-perruques.fr\/index.php\/perruques\/\">VOIR LES PERRUQUES ET TURBANS<\/a><\/div>\n<\/div>\n\n\n\n<div style=\"height:45px\" aria-hidden=\"true\" class=\"wp-block-spacer\"><\/div>\n<\/div><\/div>\n\n\n\n<div class=\"wp-block-cover alignfull\" style=\"min-height:600px\"><span aria-hidden=\"true\" class=\"wp-block-cover__background has-nv-dark-bg-background-color has-background-dim-100 has-background-dim\"><\/span><div class=\"wp-block-cover__inner-container is-layout-flow wp-block-cover-is-layout-flow\">\n<div class=\"wp-block-group is-layout-flow wp-block-group-is-layout-flow\"><div class=\"wp-block-group__inner-container\">\n<div style=\"height:80px\" aria-hidden=\"true\" class=\"wp-block-spacer\"><\/div>\n\n\n\n<div class=\"wp-block-columns are-vertically-aligned-center is-layout-flex wp-container-core-columns-layout-2 wp-block-columns-is-layout-flex\">\n<div class=\"wp-block-column is-vertically-aligned-center is-layout-flow wp-block-column-is-layout-flow\" style=\"flex-basis:50%\">\n<h2 class=\"wp-block-heading has-nv-text-dark-bg-color has-text-color\">Retrouver le sourire<\/h2>\n\n\n\n<p class=\"has-nv-text-dark-bg-color has-text-color\">Mon objectif est de redonner le sourire \u00e0 ceux qui ont besoin d&#8217;un coup de pouce pour se sentir mieux dans leur peau. Chaque client est une histoire unique et leur satisfaction est ma plus grande r\u00e9compense.<\/p>\n\n\n\n<div style=\"height:20px\" aria-hidden=\"true\" class=\"wp-block-spacer\"><\/div>\n\n\n\n<div class=\"wp-block-buttons is-layout-flex wp-block-buttons-is-layout-flex\">\n<div class=\"wp-block-button is-style-primary\"><a class=\"wp-block-button__link wp-element-button\" href=\"https:\/\/dydyer-perruques.fr\/index.php\/contact\/\">CONTACTEZ-MOI<\/a><\/div>\n<\/div>\n\n\n\n<div style=\"height:20px\" aria-hidden=\"true\" class=\"wp-block-spacer\"><\/div>\n<\/div>\n\n\n\n<div class=\"wp-block-column is-vertically-aligned-center is-layout-flow wp-block-column-is-layout-flow\" style=\"flex-basis:50%\">\n<figure class=\"wp-block-image size-large\"><img loading=\"lazy\" decoding=\"async\" width=\"600\" height=\"600\" src=\"http:\/\/dydyer-perruques.fr\/wp-content\/uploads\/2020\/01\/neve-web-design-bg-12.jpg\" alt=\"\" class=\"wp-image-39\" srcset=\"https:\/\/dydyer-perruques.fr\/wp-content\/uploads\/2020\/01\/neve-web-design-bg-12.jpg 600w, https:\/\/dydyer-perruques.fr\/wp-content\/uploads\/2020\/01\/neve-web-design-bg-12-300x300.jpg 300w, https:\/\/dydyer-perruques.fr\/wp-content\/uploads\/2020\/01\/neve-web-design-bg-12-150x150.jpg 150w\" sizes=\"(max-width: 600px) 100vw, 600px\" \/><\/figure>\n<\/div>\n<\/div>\n\n\n\n<div style=\"height:40px\" aria-hidden=\"true\" class=\"wp-block-spacer\"><\/div>\n<\/div><\/div>\n<\/div><\/div>\n","protected":false},"excerpt":{"rendered":"","protected":false},"author":1,"featured_media":0,"parent":0,"menu_order":0,"comment_status":"closed","ping_status":"closed","template":"","meta":{"_monsterinsights_skip_tracking":false,"_monsterinsights_sitenote_active":false,"_monsterinsights_sitenote_note":"","_monsterinsights_sitenote_category":0,"neve_meta_sidebar":"default","neve_meta_container":"default","neve_meta_enable_content_width":"on","neve_meta_content_width":100,"neve_meta_title_alignment":"","neve_meta_author_avatar":"","neve_post_elements_order":"","neve_meta_disable_header":"","neve_meta_disable_footer":"","neve_meta_disable_title":"on","_themeisle_gutenberg_block_has_review":false,"footnotes":""},"aioseo_notices":[],"_links":{"self":[{"href":"https:\/\/dydyer-perruques.fr\/index.php\/wp-json\/wp\/v2\/pages\/61"}],"collection":[{"href":"https:\/\/dydyer-perruques.fr\/index.php\/wp-json\/wp\/v2\/pages"}],"about":[{"href":"https:\/\/dydyer-perruques.fr\/index.php\/wp-json\/wp\/v2\/types\/page"}],"author":[{"embeddable":true,"href":"https:\/\/dydyer-perruques.fr\/index.php\/wp-json\/wp\/v2\/users\/1"}],"replies":[{"embeddable":true,"href":"https:\/\/dydyer-perruques.fr\/index.php\/wp-json\/wp\/v2\/comments?post=61"}],"version-history":[{"count":14,"href":"https:\/\/dydyer-perruques.fr\/index.php\/wp-json\/wp\/v2\/pages\/61\/revisions"}],"predecessor-version":[{"id":478,"href":"https:\/\/dydyer-perruques.fr\/index.php\/wp-json\/wp\/v2\/pages\/61\/revisions\/478"}],"wp:attachment":[{"href":"https:\/\/dydyer-perruques.fr\/index.php\/wp-json\/wp\/v2\/media?parent=61"}],"curies":[{"name":"wp","href":"https:\/\/api.w.org\/{rel}","templated":true}]}}