{"id":390,"date":"2024-01-17T18:41:17","date_gmt":"2024-01-17T17:41:17","guid":{"rendered":"https:\/\/dydyer-perruques.fr\/?page_id=390"},"modified":"2024-02-11T11:34:08","modified_gmt":"2024-02-11T10:34:08","slug":"perruques-turbans","status":"publish","type":"page","link":"https:\/\/dydyer-perruques.fr\/index.php\/perruques-turbans\/","title":{"rendered":"Perruques &#038; turbans"},"content":{"rendered":"\n<div style=\"height:102px\" aria-hidden=\"true\" class=\"wp-block-spacer\"><\/div>\n\n\n<style type=\"text\/css\">.otter-masonry .blocks-gallery-grid .blocks-gallery-item img{ width:100% }<\/style><div class=\"otter-masonry\" data-margin=\"10\">\n<figure class=\"wp-block-gallery has-nested-images columns-default is-cropped wp-block-gallery-1 is-layout-flex wp-block-gallery-is-layout-flex\">\n<figure class=\"wp-block-image size-large\"><img loading=\"lazy\" decoding=\"async\" width=\"1024\" height=\"1010\" data-id=\"452\" src=\"https:\/\/dydyer-perruques.fr\/wp-content\/uploads\/2024\/01\/julie-488R-perruque-medicale-chimio-o-my-hair_2-1024x1010.jpg\" alt=\"\" class=\"wp-image-452\" srcset=\"https:\/\/dydyer-perruques.fr\/wp-content\/uploads\/2024\/01\/julie-488R-perruque-medicale-chimio-o-my-hair_2-1024x1010.jpg 1024w, https:\/\/dydyer-perruques.fr\/wp-content\/uploads\/2024\/01\/julie-488R-perruque-medicale-chimio-o-my-hair_2-300x296.jpg 300w, https:\/\/dydyer-perruques.fr\/wp-content\/uploads\/2024\/01\/julie-488R-perruque-medicale-chimio-o-my-hair_2-768x757.jpg 768w, https:\/\/dydyer-perruques.fr\/wp-content\/uploads\/2024\/01\/julie-488R-perruque-medicale-chimio-o-my-hair_2.jpg 1150w\" sizes=\"(max-width: 1024px) 100vw, 1024px\" \/><\/figure>\n\n\n\n<figure class=\"wp-block-image size-large\"><img loading=\"lazy\" decoding=\"async\" width=\"1024\" height=\"1010\" data-id=\"453\" src=\"https:\/\/dydyer-perruques.fr\/wp-content\/uploads\/2024\/01\/mila-209-perruque-medicale-chimio-o-my-hair-1024x1010.jpg\" alt=\"\" class=\"wp-image-453\" srcset=\"https:\/\/dydyer-perruques.fr\/wp-content\/uploads\/2024\/01\/mila-209-perruque-medicale-chimio-o-my-hair-1024x1010.jpg 1024w, https:\/\/dydyer-perruques.fr\/wp-content\/uploads\/2024\/01\/mila-209-perruque-medicale-chimio-o-my-hair-300x296.jpg 300w, https:\/\/dydyer-perruques.fr\/wp-content\/uploads\/2024\/01\/mila-209-perruque-medicale-chimio-o-my-hair-768x757.jpg 768w, https:\/\/dydyer-perruques.fr\/wp-content\/uploads\/2024\/01\/mila-209-perruque-medicale-chimio-o-my-hair.jpg 1150w\" sizes=\"(max-width: 1024px) 100vw, 1024px\" \/><\/figure>\n\n\n\n<figure class=\"wp-block-image size-large\"><img loading=\"lazy\" decoding=\"async\" width=\"1024\" height=\"1010\" data-id=\"439\" src=\"https:\/\/dydyer-perruques.fr\/wp-content\/uploads\/2024\/01\/turban-drape-chimio-bambou-cocoon-1366-0320-house-of-christine-headwear-1024x1010.webp\" alt=\"\" class=\"wp-image-439\" srcset=\"https:\/\/dydyer-perruques.fr\/wp-content\/uploads\/2024\/01\/turban-drape-chimio-bambou-cocoon-1366-0320-house-of-christine-headwear-1024x1010.webp 1024w, https:\/\/dydyer-perruques.fr\/wp-content\/uploads\/2024\/01\/turban-drape-chimio-bambou-cocoon-1366-0320-house-of-christine-headwear-300x296.webp 300w, https:\/\/dydyer-perruques.fr\/wp-content\/uploads\/2024\/01\/turban-drape-chimio-bambou-cocoon-1366-0320-house-of-christine-headwear-768x757.webp 768w, https:\/\/dydyer-perruques.fr\/wp-content\/uploads\/2024\/01\/turban-drape-chimio-bambou-cocoon-1366-0320-house-of-christine-headwear.webp 1150w\" sizes=\"(max-width: 1024px) 100vw, 1024px\" \/><\/figure>\n\n\n\n<figure class=\"wp-block-image size-large\"><img loading=\"lazy\" decoding=\"async\" width=\"1024\" height=\"1010\" data-id=\"471\" src=\"http:\/\/dydyer-perruques.fr\/wp-content\/uploads\/2024\/02\/mila-328R-perruque-medicale-chimio-o-my-hair-1024x1010.webp\" alt=\"\" class=\"wp-image-471\" srcset=\"https:\/\/dydyer-perruques.fr\/wp-content\/uploads\/2024\/02\/mila-328R-perruque-medicale-chimio-o-my-hair-1024x1010.webp 1024w, https:\/\/dydyer-perruques.fr\/wp-content\/uploads\/2024\/02\/mila-328R-perruque-medicale-chimio-o-my-hair-300x296.webp 300w, https:\/\/dydyer-perruques.fr\/wp-content\/uploads\/2024\/02\/mila-328R-perruque-medicale-chimio-o-my-hair-768x757.webp 768w, https:\/\/dydyer-perruques.fr\/wp-content\/uploads\/2024\/02\/mila-328R-perruque-medicale-chimio-o-my-hair.webp 1150w\" sizes=\"(max-width: 1024px) 100vw, 1024px\" \/><\/figure>\n\n\n\n<figure class=\"wp-block-image size-large\"><img loading=\"lazy\" decoding=\"async\" width=\"1024\" height=\"1010\" data-id=\"432\" src=\"https:\/\/dydyer-perruques.fr\/wp-content\/uploads\/2024\/01\/bonnet-chimio-lotus-bambou-linea-rossa-1008-0883-house-of-christine-headwear-1024x1010.webp\" alt=\"\" class=\"wp-image-432\" srcset=\"https:\/\/dydyer-perruques.fr\/wp-content\/uploads\/2024\/01\/bonnet-chimio-lotus-bambou-linea-rossa-1008-0883-house-of-christine-headwear-1024x1010.webp 1024w, https:\/\/dydyer-perruques.fr\/wp-content\/uploads\/2024\/01\/bonnet-chimio-lotus-bambou-linea-rossa-1008-0883-house-of-christine-headwear-300x296.webp 300w, https:\/\/dydyer-perruques.fr\/wp-content\/uploads\/2024\/01\/bonnet-chimio-lotus-bambou-linea-rossa-1008-0883-house-of-christine-headwear-768x757.webp 768w, https:\/\/dydyer-perruques.fr\/wp-content\/uploads\/2024\/01\/bonnet-chimio-lotus-bambou-linea-rossa-1008-0883-house-of-christine-headwear.webp 1150w\" sizes=\"(max-width: 1024px) 100vw, 1024px\" \/><\/figure>\n\n\n\n<figure class=\"wp-block-image size-large\"><img loading=\"lazy\" decoding=\"async\" width=\"1024\" height=\"1010\" data-id=\"446\" src=\"https:\/\/dydyer-perruques.fr\/wp-content\/uploads\/2024\/01\/alba-627R-perruque-medicale-chimio-o-my-hair-1024x1010.jpg\" alt=\"\" class=\"wp-image-446\" srcset=\"https:\/\/dydyer-perruques.fr\/wp-content\/uploads\/2024\/01\/alba-627R-perruque-medicale-chimio-o-my-hair-1024x1010.jpg 1024w, https:\/\/dydyer-perruques.fr\/wp-content\/uploads\/2024\/01\/alba-627R-perruque-medicale-chimio-o-my-hair-300x296.jpg 300w, https:\/\/dydyer-perruques.fr\/wp-content\/uploads\/2024\/01\/alba-627R-perruque-medicale-chimio-o-my-hair-768x757.jpg 768w, https:\/\/dydyer-perruques.fr\/wp-content\/uploads\/2024\/01\/alba-627R-perruque-medicale-chimio-o-my-hair.jpg 1150w\" sizes=\"(max-width: 1024px) 100vw, 1024px\" \/><\/figure>\n\n\n\n<figure class=\"wp-block-image size-large\"><img loading=\"lazy\" decoding=\"async\" width=\"1024\" height=\"1010\" data-id=\"438\" src=\"https:\/\/dydyer-perruques.fr\/wp-content\/uploads\/2024\/01\/turban-drape-chimio-bambou-chine-bleu-1366-0391-house-of-christine-headwear-1024x1010.webp\" alt=\"\" class=\"wp-image-438\" srcset=\"https:\/\/dydyer-perruques.fr\/wp-content\/uploads\/2024\/01\/turban-drape-chimio-bambou-chine-bleu-1366-0391-house-of-christine-headwear-1024x1010.webp 1024w, https:\/\/dydyer-perruques.fr\/wp-content\/uploads\/2024\/01\/turban-drape-chimio-bambou-chine-bleu-1366-0391-house-of-christine-headwear-300x296.webp 300w, https:\/\/dydyer-perruques.fr\/wp-content\/uploads\/2024\/01\/turban-drape-chimio-bambou-chine-bleu-1366-0391-house-of-christine-headwear-768x757.webp 768w, https:\/\/dydyer-perruques.fr\/wp-content\/uploads\/2024\/01\/turban-drape-chimio-bambou-chine-bleu-1366-0391-house-of-christine-headwear.webp 1150w\" sizes=\"(max-width: 1024px) 100vw, 1024px\" \/><\/figure>\n\n\n\n<figure class=\"wp-block-image size-large\"><img loading=\"lazy\" decoding=\"async\" width=\"1024\" height=\"1010\" data-id=\"449\" src=\"https:\/\/dydyer-perruques.fr\/wp-content\/uploads\/2024\/01\/candice-688R-perruque-medicale-chimio-o-my-hair_2-1024x1010.jpg\" alt=\"\" class=\"wp-image-449\" srcset=\"https:\/\/dydyer-perruques.fr\/wp-content\/uploads\/2024\/01\/candice-688R-perruque-medicale-chimio-o-my-hair_2-1024x1010.jpg 1024w, https:\/\/dydyer-perruques.fr\/wp-content\/uploads\/2024\/01\/candice-688R-perruque-medicale-chimio-o-my-hair_2-300x296.jpg 300w, https:\/\/dydyer-perruques.fr\/wp-content\/uploads\/2024\/01\/candice-688R-perruque-medicale-chimio-o-my-hair_2-768x757.jpg 768w, https:\/\/dydyer-perruques.fr\/wp-content\/uploads\/2024\/01\/candice-688R-perruque-medicale-chimio-o-my-hair_2.jpg 1150w\" sizes=\"(max-width: 1024px) 100vw, 1024px\" \/><\/figure>\n\n\n\n<figure class=\"wp-block-image size-large\"><img loading=\"lazy\" decoding=\"async\" width=\"1024\" height=\"1010\" data-id=\"440\" src=\"https:\/\/dydyer-perruques.fr\/wp-content\/uploads\/2024\/01\/turban-soft-line-chimio-naos-tan-1291-0318-house-of-christine-headwear_2-1024x1010.webp\" alt=\"\" class=\"wp-image-440\" srcset=\"https:\/\/dydyer-perruques.fr\/wp-content\/uploads\/2024\/01\/turban-soft-line-chimio-naos-tan-1291-0318-house-of-christine-headwear_2-1024x1010.webp 1024w, https:\/\/dydyer-perruques.fr\/wp-content\/uploads\/2024\/01\/turban-soft-line-chimio-naos-tan-1291-0318-house-of-christine-headwear_2-300x296.webp 300w, https:\/\/dydyer-perruques.fr\/wp-content\/uploads\/2024\/01\/turban-soft-line-chimio-naos-tan-1291-0318-house-of-christine-headwear_2-768x757.webp 768w, https:\/\/dydyer-perruques.fr\/wp-content\/uploads\/2024\/01\/turban-soft-line-chimio-naos-tan-1291-0318-house-of-christine-headwear_2.webp 1150w\" sizes=\"(max-width: 1024px) 100vw, 1024px\" \/><\/figure>\n\n\n\n<figure class=\"wp-block-image size-large\"><img loading=\"lazy\" decoding=\"async\" width=\"1024\" height=\"1010\" data-id=\"434\" src=\"https:\/\/dydyer-perruques.fr\/wp-content\/uploads\/2024\/01\/bonnet-chimio-zen-bambou-natura-2000-0882-house-of-christine-headwear-1024x1010.webp\" alt=\"\" class=\"wp-image-434\" srcset=\"https:\/\/dydyer-perruques.fr\/wp-content\/uploads\/2024\/01\/bonnet-chimio-zen-bambou-natura-2000-0882-house-of-christine-headwear-1024x1010.webp 1024w, https:\/\/dydyer-perruques.fr\/wp-content\/uploads\/2024\/01\/bonnet-chimio-zen-bambou-natura-2000-0882-house-of-christine-headwear-300x296.webp 300w, https:\/\/dydyer-perruques.fr\/wp-content\/uploads\/2024\/01\/bonnet-chimio-zen-bambou-natura-2000-0882-house-of-christine-headwear-768x757.webp 768w, https:\/\/dydyer-perruques.fr\/wp-content\/uploads\/2024\/01\/bonnet-chimio-zen-bambou-natura-2000-0882-house-of-christine-headwear.webp 1150w\" sizes=\"(max-width: 1024px) 100vw, 1024px\" \/><\/figure>\n\n\n\n<figure class=\"wp-block-image size-large\"><img loading=\"lazy\" decoding=\"async\" width=\"1024\" height=\"1010\" data-id=\"454\" src=\"https:\/\/dydyer-perruques.fr\/wp-content\/uploads\/2024\/01\/romane-209-perruque-medicale-chimio-o-my-hair-1024x1010.jpg\" alt=\"\" class=\"wp-image-454\" srcset=\"https:\/\/dydyer-perruques.fr\/wp-content\/uploads\/2024\/01\/romane-209-perruque-medicale-chimio-o-my-hair-1024x1010.jpg 1024w, https:\/\/dydyer-perruques.fr\/wp-content\/uploads\/2024\/01\/romane-209-perruque-medicale-chimio-o-my-hair-300x296.jpg 300w, https:\/\/dydyer-perruques.fr\/wp-content\/uploads\/2024\/01\/romane-209-perruque-medicale-chimio-o-my-hair-768x757.jpg 768w, https:\/\/dydyer-perruques.fr\/wp-content\/uploads\/2024\/01\/romane-209-perruque-medicale-chimio-o-my-hair.jpg 1150w\" sizes=\"(max-width: 1024px) 100vw, 1024px\" \/><\/figure>\n\n\n\n<figure class=\"wp-block-image size-large\"><img loading=\"lazy\" decoding=\"async\" width=\"1024\" height=\"1010\" data-id=\"433\" src=\"https:\/\/dydyer-perruques.fr\/wp-content\/uploads\/2024\/01\/bonnet-chimio-amia-bambou-toscane-noir-1529_0813-house-of-christine-headwear-1024x1010.webp\" alt=\"\" class=\"wp-image-433\" srcset=\"https:\/\/dydyer-perruques.fr\/wp-content\/uploads\/2024\/01\/bonnet-chimio-amia-bambou-toscane-noir-1529_0813-house-of-christine-headwear-1024x1010.webp 1024w, https:\/\/dydyer-perruques.fr\/wp-content\/uploads\/2024\/01\/bonnet-chimio-amia-bambou-toscane-noir-1529_0813-house-of-christine-headwear-300x296.webp 300w, https:\/\/dydyer-perruques.fr\/wp-content\/uploads\/2024\/01\/bonnet-chimio-amia-bambou-toscane-noir-1529_0813-house-of-christine-headwear-768x757.webp 768w, https:\/\/dydyer-perruques.fr\/wp-content\/uploads\/2024\/01\/bonnet-chimio-amia-bambou-toscane-noir-1529_0813-house-of-christine-headwear.webp 1150w\" sizes=\"(max-width: 1024px) 100vw, 1024px\" \/><\/figure>\n\n\n\n<figure class=\"wp-block-image size-large\"><img loading=\"lazy\" decoding=\"async\" width=\"1024\" height=\"1010\" data-id=\"473\" src=\"http:\/\/dydyer-perruques.fr\/wp-content\/uploads\/2024\/02\/anne-30-32-perruque-medicale-chimio-o-my-hair-1024x1010.webp\" alt=\"\" class=\"wp-image-473\" srcset=\"https:\/\/dydyer-perruques.fr\/wp-content\/uploads\/2024\/02\/anne-30-32-perruque-medicale-chimio-o-my-hair-1024x1010.webp 1024w, https:\/\/dydyer-perruques.fr\/wp-content\/uploads\/2024\/02\/anne-30-32-perruque-medicale-chimio-o-my-hair-300x296.webp 300w, https:\/\/dydyer-perruques.fr\/wp-content\/uploads\/2024\/02\/anne-30-32-perruque-medicale-chimio-o-my-hair-768x757.webp 768w, https:\/\/dydyer-perruques.fr\/wp-content\/uploads\/2024\/02\/anne-30-32-perruque-medicale-chimio-o-my-hair.webp 1150w\" sizes=\"(max-width: 1024px) 100vw, 1024px\" \/><\/figure>\n\n\n\n<figure class=\"wp-block-image size-large\"><img loading=\"lazy\" decoding=\"async\" width=\"1024\" height=\"1010\" data-id=\"436\" src=\"https:\/\/dydyer-perruques.fr\/wp-content\/uploads\/2024\/01\/turban-chimio-beatrice-bambou-vendome-1419-0881-house-of-christine-headwear-1024x1010.webp\" alt=\"\" class=\"wp-image-436\" srcset=\"https:\/\/dydyer-perruques.fr\/wp-content\/uploads\/2024\/01\/turban-chimio-beatrice-bambou-vendome-1419-0881-house-of-christine-headwear-1024x1010.webp 1024w, https:\/\/dydyer-perruques.fr\/wp-content\/uploads\/2024\/01\/turban-chimio-beatrice-bambou-vendome-1419-0881-house-of-christine-headwear-300x296.webp 300w, https:\/\/dydyer-perruques.fr\/wp-content\/uploads\/2024\/01\/turban-chimio-beatrice-bambou-vendome-1419-0881-house-of-christine-headwear-768x757.webp 768w, https:\/\/dydyer-perruques.fr\/wp-content\/uploads\/2024\/01\/turban-chimio-beatrice-bambou-vendome-1419-0881-house-of-christine-headwear.webp 1150w\" sizes=\"(max-width: 1024px) 100vw, 1024px\" \/><\/figure>\n\n\n\n<figure class=\"wp-block-image size-large\"><img loading=\"lazy\" decoding=\"async\" width=\"1024\" height=\"1010\" data-id=\"450\" src=\"https:\/\/dydyer-perruques.fr\/wp-content\/uploads\/2024\/01\/candice-688R-perruque-medicale-chimio-o-my-hair-1024x1010.jpg\" alt=\"\" class=\"wp-image-450\" srcset=\"https:\/\/dydyer-perruques.fr\/wp-content\/uploads\/2024\/01\/candice-688R-perruque-medicale-chimio-o-my-hair-1024x1010.jpg 1024w, https:\/\/dydyer-perruques.fr\/wp-content\/uploads\/2024\/01\/candice-688R-perruque-medicale-chimio-o-my-hair-300x296.jpg 300w, https:\/\/dydyer-perruques.fr\/wp-content\/uploads\/2024\/01\/candice-688R-perruque-medicale-chimio-o-my-hair-768x757.jpg 768w, https:\/\/dydyer-perruques.fr\/wp-content\/uploads\/2024\/01\/candice-688R-perruque-medicale-chimio-o-my-hair.jpg 1150w\" sizes=\"(max-width: 1024px) 100vw, 1024px\" \/><\/figure>\n<\/figure>\n<\/div>\n\n\n<div style=\"height:42px\" aria-hidden=\"true\" class=\"wp-block-spacer\"><\/div>\n\n\n\n<div class=\"wp-block-columns is-layout-flex wp-container-core-columns-layout-1 wp-block-columns-is-layout-flex\">\n<div class=\"wp-block-column is-layout-flow wp-block-column-is-layout-flow\">\n<div id=\"wp-block-themeisle-blocks-button-group-80739bff\" class=\"wp-block-themeisle-blocks-button-group wp-block-buttons align-center-desktop\">\n<div id=\"wp-block-themeisle-blocks-button-057bfcab\" class=\"wp-block-themeisle-blocks-button wp-block-button\"><a target=\"_self\" rel=\"noopener noreferrer\" class=\"wp-block-button__link\"><span>ME CONTACTER<\/span><\/a><\/div>\n<\/div>\n\n\n\n<div style=\"height:49px\" aria-hidden=\"true\" class=\"wp-block-spacer\"><\/div>\n\n\n\n<p>D\u00e9couvrez l&#8217;\u00e9l\u00e9gance red\u00e9finie avec nos perruques et turbans exquis, con\u00e7us pour c\u00e9l\u00e9brer la beaut\u00e9 et la confiance en toute circonstance. Nos perruques, d&#8217;une qualit\u00e9 exceptionnelle, offrent un aspect naturel et un confort in\u00e9gal\u00e9, vous permettant de vous sentir splendide \u00e0 chaque instant.<\/p>\n\n\n\n<p>Que vous cherchiez une perruque pour exprimer votre style ou un turban pour ajouter une touche de sophistication, notre collection diversifi\u00e9e r\u00e9pond \u00e0 toutes les envies. Fabriqu\u00e9es avec soin et d\u00e9tail, nos cr\u00e9ations sont synonymes d&#8217;authenticit\u00e9 et de bien-\u00eatre.<\/p>\n\n\n\n<p>Optez pour la praticit\u00e9 avec nos turbans \u00e9l\u00e9gants, parfaits pour les jours o\u00f9 le confort est la priorit\u00e9. Faits de mat\u00e9riaux doux et respirants, ils combinent style et facilit\u00e9 pour une \u00e9l\u00e9gance sans effort.<\/p>\n\n\n\n<p>Nos perruques, quant \u00e0 elles, sont une ode \u00e0 la polyvalence. Que vous pr\u00e9f\u00e9riez une coupe moderne, une longueur extravagante, ou une teinte audacieuse, nous avons la perruque parfaite pour vous. Chaque pi\u00e8ce est m\u00e9ticuleusement con\u00e7ue pour s&#8217;adapter \u00e0 votre style et \u00e0 votre personnalit\u00e9 unique.<\/p>\n\n\n\n<p>Chez Dydyer Perruques, nous comprenons que chaque individu est unique. C&#8217;est pourquoi notre \u00e9quipe d\u00e9vou\u00e9e est pr\u00eate \u00e0 vous guider dans le choix de la perruque ou du turban qui saura r\u00e9v\u00e9ler votre v\u00e9ritable \u00e9clat. Contactez-nous d\u00e8s aujourd&#8217;hui pour une exp\u00e9rience personnalis\u00e9e et d\u00e9couvrez comment nos cr\u00e9ations exceptionnelles peuvent \u00eatre la touche finale qui sublimera votre beaut\u00e9.<\/p>\n<\/div>\n<\/div>\n","protected":false},"excerpt":{"rendered":"<p>D\u00e9couvrez l&#8217;\u00e9l\u00e9gance red\u00e9finie avec nos perruques et turbans exquis, con\u00e7us pour c\u00e9l\u00e9brer la beaut\u00e9 et la confiance en toute circonstance. Nos perruques, d&#8217;une qualit\u00e9 exceptionnelle, offrent un aspect naturel et un confort in\u00e9gal\u00e9, vous permettant de vous sentir splendide \u00e0 chaque instant. Que vous cherchiez une perruque pour exprimer votre style ou un turban pour&hellip;&nbsp;<a href=\"https:\/\/dydyer-perruques.fr\/index.php\/perruques-turbans\/\" class=\"\" rel=\"bookmark\">Read More &raquo;<span class=\"screen-reader-text\">Perruques &#038; turbans<\/span><\/a><\/p>\n","protected":false},"author":1,"featured_media":0,"parent":0,"menu_order":0,"comment_status":"closed","ping_status":"closed","template":"","meta":{"_monsterinsights_skip_tracking":false,"_monsterinsights_sitenote_active":false,"_monsterinsights_sitenote_note":"","_monsterinsights_sitenote_category":0,"neve_meta_sidebar":"","neve_meta_container":"","neve_meta_enable_content_width":"","neve_meta_content_width":0,"neve_meta_title_alignment":"","neve_meta_author_avatar":"","neve_post_elements_order":"","neve_meta_disable_header":"","neve_meta_disable_footer":"","neve_meta_disable_title":"","_themeisle_gutenberg_block_has_review":false,"footnotes":""},"aioseo_notices":[],"_links":{"self":[{"href":"https:\/\/dydyer-perruques.fr\/index.php\/wp-json\/wp\/v2\/pages\/390"}],"collection":[{"href":"https:\/\/dydyer-perruques.fr\/index.php\/wp-json\/wp\/v2\/pages"}],"about":[{"href":"https:\/\/dydyer-perruques.fr\/index.php\/wp-json\/wp\/v2\/types\/page"}],"author":[{"embeddable":true,"href":"https:\/\/dydyer-perruques.fr\/index.php\/wp-json\/wp\/v2\/users\/1"}],"replies":[{"embeddable":true,"href":"https:\/\/dydyer-perruques.fr\/index.php\/wp-json\/wp\/v2\/comments?post=390"}],"version-history":[{"count":8,"href":"https:\/\/dydyer-perruques.fr\/index.php\/wp-json\/wp\/v2\/pages\/390\/revisions"}],"predecessor-version":[{"id":476,"href":"https:\/\/dydyer-perruques.fr\/index.php\/wp-json\/wp\/v2\/pages\/390\/revisions\/476"}],"wp:attachment":[{"href":"https:\/\/dydyer-perruques.fr\/index.php\/wp-json\/wp\/v2\/media?parent=390"}],"curies":[{"name":"wp","href":"https:\/\/api.w.org\/{rel}","templated":true}]}}