{"id":308,"date":"2020-01-13T11:17:52","date_gmt":"2020-01-13T11:17:52","guid":{"rendered":"https:\/\/demosites.io\/web-agency-gb\/?page_id=5"},"modified":"2024-01-17T23:28:54","modified_gmt":"2024-01-17T22:28:54","slug":"15c42-web-agency-gb-home","status":"publish","type":"page","link":"https:\/\/dydyer-perruques.fr\/","title":{"rendered":"Perruques, turbans et compl\u00e9ments capillaires \u00e0 domicile dans le Tarn"},"content":{"rendered":"\n<div class=\"wp-block-cover alignfull is-light\" style=\"min-height:700px\"><span aria-hidden=\"true\" class=\"wp-block-cover__background has-background-dim-0 has-background-dim\"><\/span><img loading=\"lazy\" decoding=\"async\" width=\"1366\" height=\"768\" class=\"wp-block-cover__image-background wp-image-109\" alt=\"\" src=\"http:\/\/dydyer-perruques.fr\/wp-content\/uploads\/2020\/07\/web-design-studio-01.jpg.jpg\" style=\"object-position:50% 64%\" data-object-fit=\"cover\" data-object-position=\"50% 64%\" srcset=\"https:\/\/dydyer-perruques.fr\/wp-content\/uploads\/2020\/07\/web-design-studio-01.jpg.jpg 1366w, https:\/\/dydyer-perruques.fr\/wp-content\/uploads\/2020\/07\/web-design-studio-01.jpg-300x169.jpg 300w\" sizes=\"(max-width: 1366px) 100vw, 1366px\" \/><div class=\"wp-block-cover__inner-container is-layout-flow wp-block-cover-is-layout-flow\">\n<div style=\"height:80px\" aria-hidden=\"true\" class=\"wp-block-spacer\"><\/div>\n\n\n\n<h1 class=\"wp-block-heading has-text-align-center has-text-color\" style=\"color:#121212\">Perruques, compl\u00e9ments capillaires et turbans \u00e0 domicile<\/h1>\n\n\n\n<p class=\"has-text-align-center has-text-color\" style=\"color:#121212;font-size:17px\">Parce que toutes les femmes et tous les hommes doivent pouvoir se trouver belles et beaux malgr\u00e9 la perte de cheveux<\/p>\n\n\n\n<p class=\"has-text-align-center has-text-color\" style=\"color:#121212;font-size:17px\">D\u00e9placements dans le Tarn et aux alentours<\/p>\n\n\n\n<div class=\"wp-block-buttons is-horizontal is-content-justification-center is-layout-flex wp-container-core-buttons-layout-1 wp-block-buttons-is-layout-flex\">\n<div class=\"wp-block-button is-style-primary\"><a class=\"wp-block-button__link wp-element-button\" href=\"https:\/\/dydyer-perruques.fr\/index.php\/a-propos\/\">EN SAVOIR PLUS<\/a><\/div>\n\n\n\n<div class=\"wp-block-button is-style-secondary\"><a class=\"wp-block-button__link wp-element-button\" href=\"https:\/\/dydyer-perruques.fr\/index.php\/contact\/\">ME CONTACTER<\/a><\/div>\n<\/div>\n\n\n\n<div style=\"height:80px\" aria-hidden=\"true\" class=\"wp-block-spacer\"><\/div>\n\n\n\n<div style=\"height:80px\" aria-hidden=\"true\" class=\"wp-block-spacer\"><\/div>\n<\/div><\/div>\n\n\n\n<div style=\"height:31px\" aria-hidden=\"true\" class=\"wp-block-spacer\"><\/div>\n\n\n\n<div class=\"wp-block-columns is-layout-flex wp-container-core-columns-layout-1 wp-block-columns-is-layout-flex\">\n<div class=\"wp-block-column is-layout-flow wp-block-column-is-layout-flow\"><div class=\"wp-block-image icon-style is-style-rounded\">\n<figure class=\"aligncenter size-large\"><img decoding=\"async\" src=\"http:\/\/dydyer-perruques.fr\/wp-content\/uploads\/2020\/01\/neve-webdesign-GB-03.png\" alt=\"\" class=\"wp-image-20\" title=\"\"\/><\/figure><\/div>\n\n\n<div style=\"height:20px\" aria-hidden=\"true\" class=\"wp-block-spacer\"><\/div>\n\n\n\n<h3 class=\"wp-block-heading has-text-align-center has-neve-text-color-color has-text-color\">Rembours\u00e9es<\/h3>\n\n\n\n<p class=\"has-text-align-center\">Nos perruques r\u00e9pondent aux normes du Minist\u00e8re de la Sant\u00e9 et sont rembours\u00e9es pour beaucoup \u00e0 100% par la S\u00e9curit\u00e9 Sociale.<\/p>\n\n\n\n<div style=\"height:20px\" aria-hidden=\"true\" class=\"wp-block-spacer\"><\/div>\n<\/div>\n\n\n\n<div class=\"wp-block-column is-layout-flow wp-block-column-is-layout-flow\"><div class=\"wp-block-image icon-style is-style-rounded\">\n<figure class=\"aligncenter size-large\"><img loading=\"lazy\" decoding=\"async\" width=\"72\" height=\"72\" src=\"http:\/\/dydyer-perruques.fr\/wp-content\/uploads\/2020\/01\/neve-webdesign-GB-04.png\" alt=\"\" class=\"wp-image-21\"\/><\/figure><\/div>\n\n\n<div style=\"height:20px\" aria-hidden=\"true\" class=\"wp-block-spacer\"><\/div>\n\n\n\n<h3 class=\"wp-block-heading has-text-align-center has-neve-text-color-color has-text-color\">Qualit\u00e9<\/h3>\n\n\n\n<p class=\"has-text-align-center\">Parce que vous m\u00e9ritez le meilleur, nous accordons une importance toute particuli\u00e8re \u00e0 la qualit\u00e9 de nos perruques, turbans et compl\u00e9ments capillaires.<\/p>\n\n\n\n<div style=\"height:20px\" aria-hidden=\"true\" class=\"wp-block-spacer\"><\/div>\n<\/div>\n\n\n\n<div class=\"wp-block-column is-layout-flow wp-block-column-is-layout-flow\"><div class=\"wp-block-image icon-style is-style-rounded\">\n<figure class=\"aligncenter size-large\"><img decoding=\"async\" src=\"http:\/\/dydyer-perruques.fr\/wp-content\/uploads\/2020\/01\/neve-webdesign-GB-01.png\" alt=\"\" class=\"wp-image-18\"\/><\/figure><\/div>\n\n\n<div style=\"height:20px\" aria-hidden=\"true\" class=\"wp-block-spacer\"><\/div>\n\n\n\n<h3 class=\"wp-block-heading has-text-align-center has-neve-text-color-color has-text-color\">Rapidit\u00e9<\/h3>\n\n\n\n<p class=\"has-text-align-center\">Nous nous d\u00e9pla\u00e7ons rapidement \u00e0 votre domicile pour vous prodiguer les meilleurs conseils et vous aider dans votre choix. D\u00e9placements dans le Tarn et alentours<\/p>\n\n\n\n<div style=\"height:20px\" aria-hidden=\"true\" class=\"wp-block-spacer\"><\/div>\n<\/div>\n<\/div>\n\n\n\n<div style=\"height:32px\" aria-hidden=\"true\" class=\"wp-block-spacer\"><\/div>\n\n\n\n<div class=\"wp-block-cover alignfull\" style=\"min-height:600px\"><span aria-hidden=\"true\" class=\"wp-block-cover__background has-nv-light-bg-background-color has-background-dim-100 has-background-dim\"><\/span><div class=\"wp-block-cover__inner-container is-layout-flow wp-block-cover-is-layout-flow\">\n<div class=\"wp-block-group is-layout-flow wp-block-group-is-layout-flow\"><div class=\"wp-block-group__inner-container\">\n<div style=\"height:80px\" aria-hidden=\"true\" class=\"wp-block-spacer\"><\/div>\n\n\n\n<div class=\"wp-block-columns are-vertically-aligned-center is-layout-flex wp-container-core-columns-layout-2 wp-block-columns-is-layout-flex\">\n<div class=\"wp-block-column is-vertically-aligned-center is-layout-flow wp-block-column-is-layout-flow\" style=\"flex-basis:50%\">\n<figure class=\"wp-block-image size-large\"><img loading=\"lazy\" decoding=\"async\" width=\"1024\" height=\"1010\" src=\"http:\/\/dydyer-perruques.fr\/wp-content\/uploads\/2024\/01\/candice-688R-perruque-medicale-chimio-o-my-hair-1024x1010.jpg\" alt=\"\" class=\"wp-image-450\" srcset=\"https:\/\/dydyer-perruques.fr\/wp-content\/uploads\/2024\/01\/candice-688R-perruque-medicale-chimio-o-my-hair-1024x1010.jpg 1024w, https:\/\/dydyer-perruques.fr\/wp-content\/uploads\/2024\/01\/candice-688R-perruque-medicale-chimio-o-my-hair-300x296.jpg 300w, https:\/\/dydyer-perruques.fr\/wp-content\/uploads\/2024\/01\/candice-688R-perruque-medicale-chimio-o-my-hair-768x757.jpg 768w, https:\/\/dydyer-perruques.fr\/wp-content\/uploads\/2024\/01\/candice-688R-perruque-medicale-chimio-o-my-hair.jpg 1150w\" sizes=\"(max-width: 1024px) 100vw, 1024px\" \/><\/figure>\n<\/div>\n\n\n\n<div class=\"wp-block-column is-vertically-aligned-center is-layout-flow wp-block-column-is-layout-flow\" style=\"flex-basis:50%\">\n<div style=\"height:20px\" aria-hidden=\"true\" class=\"wp-block-spacer\"><\/div>\n\n\n\n<h2 class=\"wp-block-heading has-text-align-left has-neve-text-color-color has-text-color\">Perruques et turbans<\/h2>\n\n\n\n<p class=\"has-text-align-left has-neve-text-color-color has-text-color\" style=\"font-size:17px\">Explorez notre collection de perruques et turbans, con\u00e7us pour vous offrir confort et confiance. D\u00e9couvrez des cr\u00e9ations \u00e9l\u00e9gantes et personnalis\u00e9es, parfaites pour accompagner votre style de vie. Obtenez une solution discr\u00e8te et naturelle pour affronter la perte de cheveux avec assurance.<\/p>\n\n\n\n<div class=\"wp-block-buttons is-horizontal is-content-justification-left is-layout-flex wp-container-core-buttons-layout-2 wp-block-buttons-is-layout-flex\">\n<div class=\"wp-block-button is-style-primary\"><a class=\"wp-block-button__link wp-element-button\" href=\"https:\/\/dydyer-perruques.fr\/index.php\/perruques-turbans\/\">EN SAVOIR PLUS<\/a><\/div>\n<\/div>\n<\/div>\n<\/div>\n\n\n\n<div style=\"height:40px\" aria-hidden=\"true\" class=\"wp-block-spacer\"><\/div>\n<\/div><\/div>\n<\/div><\/div>\n\n\n\n<div class=\"wp-block-cover alignfull\" style=\"min-height:600px\"><span aria-hidden=\"true\" class=\"wp-block-cover__background has-nv-site-bg-background-color has-background-dim-100 has-background-dim\"><\/span><div class=\"wp-block-cover__inner-container is-layout-flow wp-block-cover-is-layout-flow\">\n<div class=\"wp-block-group is-layout-flow wp-block-group-is-layout-flow\"><div class=\"wp-block-group__inner-container\">\n<div style=\"height:80px\" aria-hidden=\"true\" class=\"wp-block-spacer\"><\/div>\n\n\n\n<div class=\"wp-block-columns are-vertically-aligned-center is-layout-flex wp-container-core-columns-layout-3 wp-block-columns-is-layout-flex\">\n<div class=\"wp-block-column is-vertically-aligned-center is-layout-flow wp-block-column-is-layout-flow\" style=\"flex-basis:50%\">\n<h2 class=\"wp-block-heading has-text-align-left has-neve-text-color-color has-text-color\">Compl\u00e9ments capillaires<\/h2>\n\n\n\n<p class=\"has-text-align-left has-neve-text-color-color has-text-color\" style=\"font-size:17px\">Red\u00e9couvrez la confiance en vous avec nos solutions de compl\u00e9ments capillaires masculins. Retrouvez une chevelure dense et naturelle pour affirmer votre style. D\u00e9couvrez comment nos techniques avanc\u00e9es red\u00e9finissent la perception de la calvitie.<\/p>\n\n\n\n<div class=\"wp-block-buttons is-horizontal is-content-justification-left is-layout-flex wp-container-core-buttons-layout-3 wp-block-buttons-is-layout-flex\">\n<div class=\"wp-block-button is-style-primary\"><a class=\"wp-block-button__link wp-element-button\" href=\"https:\/\/dydyer-perruques.fr\/index.php\/complements-capillaires\/\">EN SAVOIR PLUS<\/a><\/div>\n<\/div>\n\n\n\n<div style=\"height:40px\" aria-hidden=\"true\" class=\"wp-block-spacer\"><\/div>\n<\/div>\n\n\n\n<div class=\"wp-block-column is-vertically-aligned-center is-layout-flow wp-block-column-is-layout-flow\" style=\"flex-basis:50%\">\n<figure class=\"wp-block-image size-large\"><img loading=\"lazy\" decoding=\"async\" width=\"1024\" height=\"1010\" src=\"http:\/\/dydyer-perruques.fr\/wp-content\/uploads\/2024\/01\/copyright-web-prothese-capillaire-dermofusion-for-hom_16-1024x1010.jpg\" alt=\"\" class=\"wp-image-444\" srcset=\"https:\/\/dydyer-perruques.fr\/wp-content\/uploads\/2024\/01\/copyright-web-prothese-capillaire-dermofusion-for-hom_16-1024x1010.jpg 1024w, https:\/\/dydyer-perruques.fr\/wp-content\/uploads\/2024\/01\/copyright-web-prothese-capillaire-dermofusion-for-hom_16-300x296.jpg 300w, https:\/\/dydyer-perruques.fr\/wp-content\/uploads\/2024\/01\/copyright-web-prothese-capillaire-dermofusion-for-hom_16-768x757.jpg 768w, https:\/\/dydyer-perruques.fr\/wp-content\/uploads\/2024\/01\/copyright-web-prothese-capillaire-dermofusion-for-hom_16.jpg 1150w\" sizes=\"(max-width: 1024px) 100vw, 1024px\" \/><\/figure>\n<\/div>\n<\/div>\n\n\n\n<div style=\"height:40px\" aria-hidden=\"true\" class=\"wp-block-spacer\"><\/div>\n<\/div><\/div>\n<\/div><\/div>\n\n\n\n<div class=\"wp-block-cover alignfull\" style=\"min-height:600px\"><span aria-hidden=\"true\" class=\"wp-block-cover__background has-nv-dark-bg-background-color has-background-dim-100 has-background-dim\"><\/span><div class=\"wp-block-cover__inner-container is-layout-flow wp-block-cover-is-layout-flow\">\n<div class=\"wp-block-group is-layout-flow wp-block-group-is-layout-flow\"><div class=\"wp-block-group__inner-container\">\n<div style=\"height:80px\" aria-hidden=\"true\" class=\"wp-block-spacer\"><\/div>\n\n\n\n<div class=\"wp-block-columns are-vertically-aligned-center is-layout-flex wp-container-core-columns-layout-4 wp-block-columns-is-layout-flex\">\n<div class=\"wp-block-column is-vertically-aligned-center is-layout-flow wp-block-column-is-layout-flow\" style=\"flex-basis:50%\">\n<figure class=\"wp-block-image size-large\"><img loading=\"lazy\" decoding=\"async\" width=\"1024\" height=\"1010\" src=\"http:\/\/dydyer-perruques.fr\/wp-content\/uploads\/2024\/01\/mila-209-perruque-medicale-chimio-o-my-hair-1024x1010.jpg\" alt=\"\" class=\"wp-image-453\" srcset=\"https:\/\/dydyer-perruques.fr\/wp-content\/uploads\/2024\/01\/mila-209-perruque-medicale-chimio-o-my-hair-1024x1010.jpg 1024w, https:\/\/dydyer-perruques.fr\/wp-content\/uploads\/2024\/01\/mila-209-perruque-medicale-chimio-o-my-hair-300x296.jpg 300w, https:\/\/dydyer-perruques.fr\/wp-content\/uploads\/2024\/01\/mila-209-perruque-medicale-chimio-o-my-hair-768x757.jpg 768w, https:\/\/dydyer-perruques.fr\/wp-content\/uploads\/2024\/01\/mila-209-perruque-medicale-chimio-o-my-hair.jpg 1150w\" sizes=\"(max-width: 1024px) 100vw, 1024px\" \/><\/figure>\n<\/div>\n\n\n\n<div class=\"wp-block-column is-vertically-aligned-center is-layout-flow wp-block-column-is-layout-flow\" style=\"flex-basis:50%\">\n<div style=\"height:40px\" aria-hidden=\"true\" class=\"wp-block-spacer\"><\/div>\n\n\n\n<h2 class=\"wp-block-heading has-text-align-left has-nv-text-dark-bg-color has-text-color\">Retouches<\/h2>\n\n\n\n<p class=\"has-text-align-left has-nv-text-dark-bg-color has-text-color\" style=\"font-size:17px\">Perfectionnez votre style avec nos services de retouche sur mesure pour compl\u00e9ments capillaires et perruques. Offrant des ajustements pr\u00e9cis et un confort maximal, nos retouches personnalis\u00e9es vous assurent une apparence impeccable. D\u00e9couvrez comment nous travaillons pour sublimer votre allure et garantir un ajustement parfait.<\/p>\n\n\n\n<div class=\"wp-block-buttons is-horizontal is-content-justification-left is-layout-flex wp-container-core-buttons-layout-4 wp-block-buttons-is-layout-flex\">\n<div class=\"wp-block-button is-style-primary\"><a class=\"wp-block-button__link wp-element-button\" href=\"https:\/\/dydyer-perruques.fr\/index.php\/a-propos\/\">EN SAVOIR PLUS<\/a><\/div>\n<\/div>\n<\/div>\n<\/div>\n\n\n\n<div style=\"height:50px\" aria-hidden=\"true\" class=\"wp-block-spacer\"><\/div>\n<\/div><\/div>\n<\/div><\/div>\n\n\n\n<div class=\"wp-block-cover alignfull\" style=\"min-height:600px\"><span aria-hidden=\"true\" class=\"wp-block-cover__background has-nv-site-bg-background-color has-background-dim-100 has-background-dim\"><\/span><div class=\"wp-block-cover__inner-container is-layout-flow wp-block-cover-is-layout-flow\">\n<div class=\"wp-block-group is-layout-flow wp-block-group-is-layout-flow\"><div class=\"wp-block-group__inner-container\">\n<div style=\"height:80px\" aria-hidden=\"true\" class=\"wp-block-spacer\"><\/div>\n\n\n\n<h2 class=\"wp-block-heading has-neve-text-color-color has-text-color\">Quelques exemples<\/h2>\n\n\n\n<div style=\"height:20px\" aria-hidden=\"true\" class=\"wp-block-spacer\"><\/div>\n\n\n\n<div class=\"wp-block-columns are-vertically-aligned-center is-layout-flex wp-container-core-columns-layout-5 wp-block-columns-is-layout-flex\">\n<div class=\"wp-block-column is-vertically-aligned-center is-layout-flow wp-block-column-is-layout-flow\" style=\"flex-basis:50%\">\n<figure class=\"wp-block-image size-large\"><img loading=\"lazy\" decoding=\"async\" width=\"1024\" height=\"1010\" src=\"http:\/\/dydyer-perruques.fr\/wp-content\/uploads\/2024\/01\/iris-44-51-60-sofia-830-27-6-perruque-medicale-chimio-o-my-hair-1024x1010.jpg\" alt=\"\" class=\"wp-image-451\" srcset=\"https:\/\/dydyer-perruques.fr\/wp-content\/uploads\/2024\/01\/iris-44-51-60-sofia-830-27-6-perruque-medicale-chimio-o-my-hair-1024x1010.jpg 1024w, https:\/\/dydyer-perruques.fr\/wp-content\/uploads\/2024\/01\/iris-44-51-60-sofia-830-27-6-perruque-medicale-chimio-o-my-hair-300x296.jpg 300w, https:\/\/dydyer-perruques.fr\/wp-content\/uploads\/2024\/01\/iris-44-51-60-sofia-830-27-6-perruque-medicale-chimio-o-my-hair-768x757.jpg 768w, https:\/\/dydyer-perruques.fr\/wp-content\/uploads\/2024\/01\/iris-44-51-60-sofia-830-27-6-perruque-medicale-chimio-o-my-hair.jpg 1150w\" sizes=\"(max-width: 1024px) 100vw, 1024px\" \/><\/figure>\n\n\n\n<div style=\"height:40px\" aria-hidden=\"true\" class=\"wp-block-spacer\"><\/div>\n<\/div>\n\n\n\n<div class=\"wp-block-column is-vertically-aligned-center is-layout-flow wp-block-column-is-layout-flow\" style=\"flex-basis:50%\">\n<figure class=\"wp-block-image size-large\"><img loading=\"lazy\" decoding=\"async\" width=\"1024\" height=\"1010\" src=\"http:\/\/dydyer-perruques.fr\/wp-content\/uploads\/2024\/01\/turban-chimio-beatrice-bambou-vendome-1419-0881-house-of-christine-headwear-1024x1010.webp\" alt=\"\" class=\"wp-image-436\" srcset=\"https:\/\/dydyer-perruques.fr\/wp-content\/uploads\/2024\/01\/turban-chimio-beatrice-bambou-vendome-1419-0881-house-of-christine-headwear-1024x1010.webp 1024w, https:\/\/dydyer-perruques.fr\/wp-content\/uploads\/2024\/01\/turban-chimio-beatrice-bambou-vendome-1419-0881-house-of-christine-headwear-300x296.webp 300w, https:\/\/dydyer-perruques.fr\/wp-content\/uploads\/2024\/01\/turban-chimio-beatrice-bambou-vendome-1419-0881-house-of-christine-headwear-768x757.webp 768w, https:\/\/dydyer-perruques.fr\/wp-content\/uploads\/2024\/01\/turban-chimio-beatrice-bambou-vendome-1419-0881-house-of-christine-headwear.webp 1150w\" sizes=\"(max-width: 1024px) 100vw, 1024px\" \/><\/figure>\n\n\n\n<div style=\"height:40px\" aria-hidden=\"true\" class=\"wp-block-spacer\"><\/div>\n<\/div>\n<\/div>\n\n\n\n<div style=\"height:40px\" aria-hidden=\"true\" class=\"wp-block-spacer\"><\/div>\n<\/div><\/div>\n<\/div><\/div>\n\n\n\n<div class=\"wp-block-cover alignfull\" style=\"min-height:300px\"><span aria-hidden=\"true\" class=\"wp-block-cover__background has-nv-dark-bg-background-color has-background-dim-100 has-background-dim\"><\/span><div class=\"wp-block-cover__inner-container is-layout-flow wp-block-cover-is-layout-flow\">\n<div style=\"height:140px\" aria-hidden=\"true\" class=\"wp-block-spacer\"><\/div>\n\n\n\n<h2 class=\"wp-block-heading has-text-align-center has-nv-text-dark-bg-color has-text-color\">Discutons de votre projet<\/h2>\n\n\n\n<p class=\"has-text-align-center\">Pr\u00eat \u00e0 r\u00e9aliser votre projet capillaire id\u00e9al ? Notre \u00e9quipe d\u00e9vou\u00e9e est l\u00e0 pour concr\u00e9tiser vos aspirations. Que ce soit pour des compl\u00e9ments capillaires sur mesure, des perruques \u00e9l\u00e9gantes, ou des retouches personnalis\u00e9es, nous sommes l\u00e0 pour vous. Contactez-nous d\u00e8s maintenant pour une consultation individualis\u00e9e. Ensemble, cr\u00e9ons la solution capillaire qui vous ressemble et vous assure confiance et satisfaction.<\/p>\n\n\n\n<div class=\"wp-block-buttons is-horizontal is-content-justification-center is-layout-flex wp-container-core-buttons-layout-5 wp-block-buttons-is-layout-flex\">\n<div class=\"wp-block-button is-style-primary\"><a class=\"wp-block-button__link wp-element-button\" href=\"https:\/\/dydyer-perruques.fr\/index.php\/contact\/\">ME CONTACTER<\/a><\/div>\n<\/div>\n\n\n\n<div style=\"height:140px\" aria-hidden=\"true\" class=\"wp-block-spacer\"><\/div>\n<\/div><\/div>\n","protected":false},"excerpt":{"rendered":"<p>Rembours\u00e9es Nos perruques r\u00e9pondent aux normes du Minist\u00e8re de la Sant\u00e9 et sont rembours\u00e9es pour beaucoup \u00e0 100% par la S\u00e9curit\u00e9 Sociale. Qualit\u00e9 Parce que vous m\u00e9ritez le meilleur, nous accordons une importance toute particuli\u00e8re \u00e0 la qualit\u00e9 de nos perruques, turbans et compl\u00e9ments capillaires. Rapidit\u00e9 Nous nous d\u00e9pla\u00e7ons rapidement \u00e0 votre domicile pour vous&hellip;&nbsp;<a href=\"https:\/\/dydyer-perruques.fr\/\" class=\"\" rel=\"bookmark\">Read More &raquo;<span class=\"screen-reader-text\">Perruques, turbans et compl\u00e9ments capillaires \u00e0 domicile dans le Tarn<\/span><\/a><\/p>\n","protected":false},"author":1,"featured_media":0,"parent":0,"menu_order":0,"comment_status":"closed","ping_status":"closed","template":"","meta":{"_monsterinsights_skip_tracking":false,"_monsterinsights_sitenote_active":false,"_monsterinsights_sitenote_note":"","_monsterinsights_sitenote_category":0,"neve_meta_sidebar":"default","neve_meta_container":"default","neve_meta_enable_content_width":"on","neve_meta_content_width":100,"neve_meta_title_alignment":"","neve_meta_author_avatar":"","neve_post_elements_order":"","neve_meta_disable_header":"","neve_meta_disable_footer":"","neve_meta_disable_title":"on","_themeisle_gutenberg_block_has_review":false,"footnotes":""},"aioseo_notices":[],"_links":{"self":[{"href":"https:\/\/dydyer-perruques.fr\/index.php\/wp-json\/wp\/v2\/pages\/308"}],"collection":[{"href":"https:\/\/dydyer-perruques.fr\/index.php\/wp-json\/wp\/v2\/pages"}],"about":[{"href":"https:\/\/dydyer-perruques.fr\/index.php\/wp-json\/wp\/v2\/types\/page"}],"author":[{"embeddable":true,"href":"https:\/\/dydyer-perruques.fr\/index.php\/wp-json\/wp\/v2\/users\/1"}],"replies":[{"embeddable":true,"href":"https:\/\/dydyer-perruques.fr\/index.php\/wp-json\/wp\/v2\/comments?post=308"}],"version-history":[{"count":20,"href":"https:\/\/dydyer-perruques.fr\/index.php\/wp-json\/wp\/v2\/pages\/308\/revisions"}],"predecessor-version":[{"id":461,"href":"https:\/\/dydyer-perruques.fr\/index.php\/wp-json\/wp\/v2\/pages\/308\/revisions\/461"}],"wp:attachment":[{"href":"https:\/\/dydyer-perruques.fr\/index.php\/wp-json\/wp\/v2\/media?parent=308"}],"curies":[{"name":"wp","href":"https:\/\/api.w.org\/{rel}","templated":true}]}}