{"id":15,"date":"2023-12-29T12:19:59","date_gmt":"2023-12-29T11:19:59","guid":{"rendered":"https:\/\/dydyer-perruques.fr\/?page_id=15"},"modified":"2024-02-11T11:33:04","modified_gmt":"2024-02-11T10:33:04","slug":"complements-capillaires","status":"publish","type":"page","link":"https:\/\/dydyer-perruques.fr\/index.php\/complements-capillaires\/","title":{"rendered":"Compl\u00e9ments Capillaires"},"content":{"rendered":"\n<div style=\"height:102px\" aria-hidden=\"true\" class=\"wp-block-spacer\"><\/div>\n\n\n\n<div class=\"wp-block-group is-vertical is-content-justification-center is-nowrap is-layout-flex wp-container-core-group-layout-1 wp-block-group-is-layout-flex\">\n<div id=\"wp-block-themeisle-blocks-slider-16f0948a\" class=\"wp-block-themeisle-blocks-slider glide\" data-per-view=\"1\" data-gap=\"0\" data-peek=\"0\" data-autoplay=\"true\" data-height=\"400px\" data-hide-arrows=\"false\"><div class=\"glide__track\" data-glide-el=\"track\"><div class=\"glide__slides\"><div class=\"wp-block-themeisle-blocks-slider-item-wrapper glide__slide\" tabindex=\"0\"><figure><img decoding=\"async\" class=\"wp-block-themeisle-blocks-slider-item\" src=\"http:\/\/dydyer-perruques.fr\/wp-content\/uploads\/2024\/01\/copyright-web-prothese-capillaire-dermofusion-for-hom_42.jpg\" alt=\"\" title=\"\" data-id=\"445\"\/><\/figure><\/div><div class=\"wp-block-themeisle-blocks-slider-item-wrapper glide__slide\" tabindex=\"0\"><figure><img decoding=\"async\" class=\"wp-block-themeisle-blocks-slider-item\" src=\"http:\/\/dydyer-perruques.fr\/wp-content\/uploads\/2024\/01\/copyright-web-prothese-capillaire-dermofusion-for-hom_16.jpg\" alt=\"\" title=\"\" data-id=\"444\"\/><\/figure><\/div><div class=\"wp-block-themeisle-blocks-slider-item-wrapper glide__slide\" tabindex=\"0\"><figure><img decoding=\"async\" class=\"wp-block-themeisle-blocks-slider-item\" src=\"http:\/\/dydyer-perruques.fr\/wp-content\/uploads\/2024\/01\/copyright-web-prothese-capillaire-dermofusion-for-hom_2.jpg\" alt=\"\" title=\"\" data-id=\"442\"\/><\/figure><\/div><div class=\"wp-block-themeisle-blocks-slider-item-wrapper glide__slide\" tabindex=\"0\"><figure><img decoding=\"async\" class=\"wp-block-themeisle-blocks-slider-item\" src=\"http:\/\/dydyer-perruques.fr\/wp-content\/uploads\/2024\/01\/copyright-web-prothese-capillaire-dermofusion-for-hom_8.jpg\" alt=\"\" title=\"\" data-id=\"443\"\/><\/figure><\/div><div class=\"wp-block-themeisle-blocks-slider-item-wrapper glide__slide\" tabindex=\"0\"><figure><img decoding=\"async\" class=\"wp-block-themeisle-blocks-slider-item\" src=\"http:\/\/dydyer-perruques.fr\/wp-content\/uploads\/2024\/02\/copyright-web-prothese-capillaire-dermofusion-for-hom_33.webp\" alt=\"\" title=\"\" data-id=\"474\"\/><\/figure><\/div><div class=\"wp-block-themeisle-blocks-slider-item-wrapper glide__slide\" tabindex=\"0\"><figure><img decoding=\"async\" class=\"wp-block-themeisle-blocks-slider-item\" src=\"http:\/\/dydyer-perruques.fr\/wp-content\/uploads\/2024\/02\/copyright-web-prothese-capillaire-dermofusion-for-hom_23.webp\" alt=\"\" title=\"\" data-id=\"472\"\/><\/figure><\/div><\/div><div class=\"glide__bullets\" data-glide-el=\"controls[nav]\"><button class=\"glide__bullet\" data-glide-dir=\"=0\"><\/button><button class=\"glide__bullet\" data-glide-dir=\"=1\"><\/button><button class=\"glide__bullet\" data-glide-dir=\"=2\"><\/button><button class=\"glide__bullet\" data-glide-dir=\"=3\"><\/button><button class=\"glide__bullet\" data-glide-dir=\"=4\"><\/button><button class=\"glide__bullet\" data-glide-dir=\"=5\"><\/button><\/div><\/div><\/div>\n<\/div>\n\n\n\n<div style=\"height:52px\" aria-hidden=\"true\" class=\"wp-block-spacer\"><\/div>\n\n\n\n<div class=\"wp-block-columns is-layout-flex wp-container-core-columns-layout-1 wp-block-columns-is-layout-flex\">\n<div class=\"wp-block-column is-layout-flow wp-block-column-is-layout-flow\">\n<p>Dites adieu \u00e0 la calvitie et red\u00e9couvrez une chevelure pleine de vitalit\u00e9 avec nos compl\u00e9ments capillaires pour hommes. Con\u00e7us pour surpasser les attentes, nos produits offrent une solution discr\u00e8te, naturelle et personnalis\u00e9e pour retrouver une apparence jeune et dynamique.<\/p>\n\n\n\n<p>Imaginez une chevelure dense et parfaitement coiff\u00e9e, indiscernable de vos propres cheveux. Nos compl\u00e9ments capillaires sont confectionn\u00e9s avec une attention minutieuse aux d\u00e9tails, garantissant un aspect authentique qui s&#8217;harmonise parfaitement avec votre style et votre teinte naturelle.<\/p>\n\n\n\n<p>L&#8217;avantage de nos compl\u00e9ments capillaires r\u00e9side dans leur polyvalence. Que vous souhaitiez restaurer une ligne frontale, masquer une calvitie partielle ou simplement ajouter de la densit\u00e9, nos produits s&#8217;adaptent \u00e0 vos besoins sp\u00e9cifiques. La l\u00e9g\u00e8ret\u00e9 et le confort sont au c\u0153ur de leur conception, vous permettant de vaquer \u00e0 vos activit\u00e9s quotidiennes en toute confiance.<\/p>\n\n\n\n<p>Au-del\u00e0 de l&#8217;aspect esth\u00e9tique, nos compl\u00e9ments capillaires sont synonymes de regain de confiance. Retrouvez la sensation d&#8217;une chevelure compl\u00e8te et soyeuse, et lib\u00e9rez-vous des soucis li\u00e9s \u00e0 la calvitie.<\/p>\n\n\n\n<p>Chez Dydyer Perruques, nous sommes pr\u00eats \u00e0 vous guider \u00e0 chaque \u00e9tape, de la s\u00e9lection \u00e0 l&#8217;ajustement, pour garantir une exp\u00e9rience sans faille. Contactez-nous d\u00e8s aujourd&#8217;hui pour d\u00e9couvrir comment nos compl\u00e9ments capillaires peuvent red\u00e9finir votre image et vous offrir une solution durable contre la calvitie. Ensemble, r\u00e9\u00e9crivons l&#8217;histoire de vos cheveux pour que vous retrouviez votre confiance en vous.<\/p>\n<\/div>\n<\/div>\n\n\n\n<div class=\"wp-block-columns is-layout-flex wp-container-core-columns-layout-2 wp-block-columns-is-layout-flex\">\n<div class=\"wp-block-column is-layout-flow wp-block-column-is-layout-flow\">\n<div id=\"wp-block-themeisle-blocks-button-group-16567251\" class=\"wp-block-themeisle-blocks-button-group wp-block-buttons align-center-desktop\">\n<div id=\"wp-block-themeisle-blocks-button-bb5c9912\" class=\"wp-block-themeisle-blocks-button wp-block-button\"><a href=\"https:\/\/dydyer-perruques.fr\/index.php\/contact\/\" target=\"_self\" rel=\"noopener noreferrer\" class=\"wp-block-button__link\"><span>PLUS D&#8217;INFORMATIONS<\/span><\/a><\/div>\n<\/div>\n<\/div>\n<\/div>\n","protected":false},"excerpt":{"rendered":"<p>Dites adieu \u00e0 la calvitie et red\u00e9couvrez une chevelure pleine de vitalit\u00e9 avec nos compl\u00e9ments capillaires pour hommes. Con\u00e7us pour surpasser les attentes, nos produits offrent une solution discr\u00e8te, naturelle et personnalis\u00e9e pour retrouver une apparence jeune et dynamique. Imaginez une chevelure dense et parfaitement coiff\u00e9e, indiscernable de vos propres cheveux. Nos compl\u00e9ments capillaires sont&hellip;&nbsp;<a href=\"https:\/\/dydyer-perruques.fr\/index.php\/complements-capillaires\/\" class=\"\" rel=\"bookmark\">Read More &raquo;<span class=\"screen-reader-text\">Compl\u00e9ments Capillaires<\/span><\/a><\/p>\n","protected":false},"author":1,"featured_media":0,"parent":0,"menu_order":0,"comment_status":"closed","ping_status":"closed","template":"","meta":{"_monsterinsights_skip_tracking":false,"_monsterinsights_sitenote_active":false,"_monsterinsights_sitenote_note":"","_monsterinsights_sitenote_category":0,"neve_meta_sidebar":"","neve_meta_container":"","neve_meta_enable_content_width":"","neve_meta_content_width":0,"neve_meta_title_alignment":"","neve_meta_author_avatar":"","neve_post_elements_order":"","neve_meta_disable_header":"","neve_meta_disable_footer":"","neve_meta_disable_title":"","_themeisle_gutenberg_block_has_review":false,"footnotes":""},"aioseo_notices":[],"_links":{"self":[{"href":"https:\/\/dydyer-perruques.fr\/index.php\/wp-json\/wp\/v2\/pages\/15"}],"collection":[{"href":"https:\/\/dydyer-perruques.fr\/index.php\/wp-json\/wp\/v2\/pages"}],"about":[{"href":"https:\/\/dydyer-perruques.fr\/index.php\/wp-json\/wp\/v2\/types\/page"}],"author":[{"embeddable":true,"href":"https:\/\/dydyer-perruques.fr\/index.php\/wp-json\/wp\/v2\/users\/1"}],"replies":[{"embeddable":true,"href":"https:\/\/dydyer-perruques.fr\/index.php\/wp-json\/wp\/v2\/comments?post=15"}],"version-history":[{"count":8,"href":"https:\/\/dydyer-perruques.fr\/index.php\/wp-json\/wp\/v2\/pages\/15\/revisions"}],"predecessor-version":[{"id":475,"href":"https:\/\/dydyer-perruques.fr\/index.php\/wp-json\/wp\/v2\/pages\/15\/revisions\/475"}],"wp:attachment":[{"href":"https:\/\/dydyer-perruques.fr\/index.php\/wp-json\/wp\/v2\/media?parent=15"}],"curies":[{"name":"wp","href":"https:\/\/api.w.org\/{rel}","templated":true}]}}